{"id":202,"date":"2024-02-26T06:31:46","date_gmt":"2024-02-26T06:31:46","guid":{"rendered":"https:\/\/mh-mechserv.at\/?page_id=202"},"modified":"2024-02-26T06:40:55","modified_gmt":"2024-02-26T06:40:55","slug":"about-us","status":"publish","type":"page","link":"https:\/\/mh-mechserv.at\/index.php\/about-us\/","title":{"rendered":"\u00dcber uns"},"content":{"rendered":"\t\t<div data-elementor-type=\"wp-page\" data-elementor-id=\"202\" class=\"elementor elementor-202\">\n\t\t\t\t\t\t<section class=\"elementor-section elementor-top-section elementor-element elementor-element-27e885e elementor-section-boxed elementor-section-height-default elementor-section-height-default\" data-id=\"27e885e\" data-element_type=\"section\" data-e-type=\"section\">\n\t\t\t\t\t\t<div class=\"elementor-container elementor-column-gap-default\">\n\t\t\t\t\t<div class=\"elementor-column elementor-col-100 elementor-top-column elementor-element elementor-element-c28d3cc\" data-id=\"c28d3cc\" data-element_type=\"column\" data-e-type=\"column\">\n\t\t\t<div class=\"elementor-widget-wrap elementor-element-populated\">\n\t\t\t\t\t\t<div class=\"elementor-element elementor-element-0f9f790 elementor-widget elementor-widget-text-editor\" data-id=\"0f9f790\" data-element_type=\"widget\" data-e-type=\"widget\" data-widget_type=\"text-editor.default\">\n\t\t\t\t<div class=\"elementor-widget-container\">\n\t\t\t\t\t\t\t\t\t<p>2020 als Teil-Selbst\u00e4ndiger Mechatroniker gegr\u00fcndet befassen wir uns haupts\u00e4chlich mit Entwicklungs-Aspekten von Leistungs-Elektronischen Baugruppen. Nach wie vor ist dies auch eines der Haupt-Gesch\u00e4ftsfelder. Allerdings hat sich in den vergangengen Jahren auch ein Bedarf f\u00fcr die Integration und automatisierung Dieser und Fremd-Baugruppen ergeben.<\/p><p>Als zweiten gro\u00dfen Themen-Block behandlen wir daher auch die Integration und Automatisierung in Kunden-Anlagen. Seit 2021 besch\u00e4ftigen wir uns auch intensiv mit dem Thema EV-Charging. Vom relativ einfachen Typ2-Standard bis hin zur komplexen CCS ISO15118 Schnittstelle k\u00f6nnen wir das gesamte Spektrum abdecken. Entsprechende Daten-Aufbereitung sowie Visualisierung runden unser Portfolio ab.<\/p><p>Unser Gesch\u00e4ftsfeld f\u00e4ngt dort an wo andere aufgeben.<\/p><ul><li>Sie besitzen eine Alt-Anlage die Sie modernisieren m\u00f6chten ?<\/li><li>Sie m\u00f6chten einen Batteriespeicher in Ihre Anlage Integrieren oder neu bauen ?<\/li><li>Sie m\u00f6chten mit Ihrer Anlage Voll-Inself\u00e4hig bzw Energie-Autark werden ?<\/li><\/ul><p style=\"text-align: center;\"><a href=\"https:\/\/mh-mechserv.at\/index.php\/kontakt\/\">Kontaktieren Sie uns<\/a>, wir erabeiten gerne ein Konzept uns setzen dieses auch um.<\/p>\t\t\t\t\t\t\t\t<\/div>\n\t\t\t\t<\/div>\n\t\t\t\t\t<\/div>\n\t\t<\/div>\n\t\t\t\t\t<\/div>\n\t\t<\/section>\n\t\t\t\t<\/div>\n\t\t","protected":false},"excerpt":{"rendered":"<p>2020 als Teil-Selbst\u00e4ndiger Mechatroniker gegr\u00fcndet befassen wir uns haupts\u00e4chlich mit Entwicklungs-Aspekten von Leistungs-Elektronischen Baugruppen. Nach wie vor ist dies auch eines der Haupt-Gesch\u00e4ftsfelder. Allerdings hat sich in den vergangengen Jahren auch ein Bedarf f\u00fcr die Integration und automatisierung Dieser und Fremd-Baugruppen ergeben. Als zweiten gro\u00dfen Themen-Block behandlen wir daher auch &#8230;<\/p>\n","protected":false},"author":1,"featured_media":0,"parent":0,"menu_order":0,"comment_status":"closed","ping_status":"closed","template":"","meta":{"_acf_changed":false,"footnotes":""},"class_list":["post-202","page","type-page","status-publish","hentry","column","threecol"],"acf":[],"_links":{"self":[{"href":"https:\/\/mh-mechserv.at\/index.php\/wp-json\/wp\/v2\/pages\/202","targetHints":{"allow":["GET"]}}],"collection":[{"href":"https:\/\/mh-mechserv.at\/index.php\/wp-json\/wp\/v2\/pages"}],"about":[{"href":"https:\/\/mh-mechserv.at\/index.php\/wp-json\/wp\/v2\/types\/page"}],"author":[{"embeddable":true,"href":"https:\/\/mh-mechserv.at\/index.php\/wp-json\/wp\/v2\/users\/1"}],"replies":[{"embeddable":true,"href":"https:\/\/mh-mechserv.at\/index.php\/wp-json\/wp\/v2\/comments?post=202"}],"version-history":[{"count":16,"href":"https:\/\/mh-mechserv.at\/index.php\/wp-json\/wp\/v2\/pages\/202\/revisions"}],"predecessor-version":[{"id":219,"href":"https:\/\/mh-mechserv.at\/index.php\/wp-json\/wp\/v2\/pages\/202\/revisions\/219"}],"wp:attachment":[{"href":"https:\/\/mh-mechserv.at\/index.php\/wp-json\/wp\/v2\/media?parent=202"}],"curies":[{"name":"wp","href":"https:\/\/api.w.org\/{rel}","templated":true}]}}